{"id":560,"date":"2021-01-22T17:23:49","date_gmt":"2021-01-22T16:23:49","guid":{"rendered":"https:\/\/institutdharmonie.ch\/?page_id=560"},"modified":"2025-06-20T09:26:56","modified_gmt":"2025-06-20T08:26:56","slug":"liste-des-prix","status":"publish","type":"page","link":"https:\/\/institutdharmonie.ch\/?page_id=560","title":{"rendered":"Liste des prix"},"content":{"rendered":"<p>[et_pb_section fb_built=\u00a0\u00bb1&Prime; admin_label=\u00a0\u00bbHero Section\u00a0\u00bb _builder_version=\u00a0\u00bb4.16&Prime; use_background_color_gradient=\u00a0\u00bbon\u00a0\u00bb background_color_gradient_direction=\u00a0\u00bb105deg\u00a0\u00bb background_color_gradient_stops=\u00a0\u00bb#f7b080 0%|#fff5b5 100%\u00a0\u00bb background_color_gradient_overlays_image=\u00a0\u00bbon\u00a0\u00bb background_color_gradient_start=\u00a0\u00bb#f7b080&Prime; background_color_gradient_end=\u00a0\u00bb#fff5b5&Prime; background_image=\u00a0\u00bbhttps:\/\/institutdharmonie.ch\/wp-content\/uploads\/2018\/12\/Massage-th\u00e9rapeutique.jpg\u00a0\u00bb background_blend=\u00a0\u00bbmultiply\u00a0\u00bb custom_padding=\u00a0\u00bb60px|0px|60px|0px\u00a0\u00bb global_colors_info=\u00a0\u00bb{}\u00a0\u00bb][et_pb_row _builder_version=\u00a0\u00bb4.16&Prime; background_size=\u00a0\u00bbinitial\u00a0\u00bb background_position=\u00a0\u00bbtop_left\u00a0\u00bb background_repeat=\u00a0\u00bbrepeat\u00a0\u00bb global_colors_info=\u00a0\u00bb{}\u00a0\u00bb][et_pb_column type=\u00a0\u00bb4_4&Prime; _builder_version=\u00a0\u00bb4.16&Prime; custom_padding=\u00a0\u00bb|||\u00a0\u00bb global_colors_info=\u00a0\u00bb{}\u00a0\u00bb custom_padding__hover=\u00a0\u00bb|||\u00a0\u00bb][et_pb_text _builder_version=\u00a0\u00bb4.16&Prime; text_font=\u00a0\u00bbPoppins||||||||\u00a0\u00bb text_text_color=\u00a0\u00bbrgba(255,255,255,0.8)\u00a0\u00bb text_font_size=\u00a0\u00bb18px\u00a0\u00bb text_line_height=\u00a0\u00bb1.8em\u00a0\u00bb header_font=\u00a0\u00bbCalligraffitti|700|||||||\u00a0\u00bb header_text_color=\u00a0\u00bb#ffffff\u00a0\u00bb header_font_size=\u00a0\u00bb68px\u00a0\u00bb header_line_height=\u00a0\u00bb1.4em\u00a0\u00bb header_2_font=\u00a0\u00bb|300|||||||\u00a0\u00bb header_2_text_align=\u00a0\u00bbleft\u00a0\u00bb header_2_font_size=\u00a0\u00bb18px\u00a0\u00bb header_3_font=\u00a0\u00bbPoppins|600|||||||\u00a0\u00bb header_3_font_size=\u00a0\u00bb36px\u00a0\u00bb header_3_line_height=\u00a0\u00bb1.4em\u00a0\u00bb background_layout=\u00a0\u00bbdark\u00a0\u00bb max_width=\u00a0\u00bb833px\u00a0\u00bb module_alignment=\u00a0\u00bbleft\u00a0\u00bb custom_margin=\u00a0\u00bb|326px||||\u00a0\u00bb custom_padding=\u00a0\u00bb|0px||||\u00a0\u00bb locked=\u00a0\u00bboff\u00a0\u00bb global_colors_info=\u00a0\u00bb{}\u00a0\u00bb]<\/p>\n<h1>Liste de Prix et Agr\u00e9gations<\/h1>\n<h2><\/h2>\n<p>[\/et_pb_text][\/et_pb_column][\/et_pb_row][\/et_pb_section][et_pb_section fb_built=\u00a0\u00bb1&Prime; admin_label=\u00a0\u00bbAbout Us Section\u00a0\u00bb _builder_version=\u00a0\u00bb4.16&Prime; custom_padding=\u00a0\u00bb40px|0px|0|0px|false|false\u00a0\u00bb global_colors_info=\u00a0\u00bb{}\u00a0\u00bb][et_pb_row module_class=\u00a0\u00bb et_pb_row_fullwidth\u00a0\u00bb _builder_version=\u00a0\u00bb4.16&Prime; width=\u00a0\u00bb89%\u00a0\u00bb width_tablet=\u00a0\u00bb80%\u00a0\u00bb width_phone=\u00a0\u00bb\u00a0\u00bb width_last_edited=\u00a0\u00bbon|desktop\u00a0\u00bb max_width=\u00a0\u00bb89%\u00a0\u00bb max_width_tablet=\u00a0\u00bb80%\u00a0\u00bb max_width_phone=\u00a0\u00bb\u00a0\u00bb max_width_last_edited=\u00a0\u00bbon|desktop\u00a0\u00bb min_height=\u00a0\u00bb92px\u00a0\u00bb custom_padding=\u00a0\u00bb27px|0px|0|0px|false|false\u00a0\u00bb make_fullwidth=\u00a0\u00bbon\u00a0\u00bb global_colors_info=\u00a0\u00bb{}\u00a0\u00bb][et_pb_column type=\u00a0\u00bb4_4&Prime; _builder_version=\u00a0\u00bb4.16&Prime; custom_padding=\u00a0\u00bb|||\u00a0\u00bb global_colors_info=\u00a0\u00bb{}\u00a0\u00bb custom_padding__hover=\u00a0\u00bb|||\u00a0\u00bb][et_pb_text _builder_version=\u00a0\u00bb4.16&Prime; text_font=\u00a0\u00bbPoppins||||||||\u00a0\u00bb text_text_color=\u00a0\u00bb#486066&Prime; text_line_height=\u00a0\u00bb1.8em\u00a0\u00bb header_font=\u00a0\u00bb||||||||\u00a0\u00bb header_5_font=\u00a0\u00bb||||||||\u00a0\u00bb header_5_text_color=\u00a0\u00bb#12a19a\u00a0\u00bb width=\u00a0\u00bb96.9%\u00a0\u00bb custom_margin=\u00a0\u00bb|-131px|60px|||\u00a0\u00bb custom_padding=\u00a0\u00bb|0px||||\u00a0\u00bb global_colors_info=\u00a0\u00bb{}\u00a0\u00bb]<\/p>\n<p><span style=\"font-size: 15px;\">Pour savoir si votre Assurance en soins compl\u00e9mentaires rembourse nos prestations, pri\u00e8re de se r\u00e9f\u00e9rer aux sites:<\/span><\/p>\n<p><b><\/b><\/p>\n<p>de <span style=\"text-decoration: underline;\"><em><span style=\"color: #8300e9; text-decoration: underline;\"><a href=\"http:\/\/www.asca.ch\/dc.aspx?content=Assureurs_conventionnes\" style=\"color: #8300e9; text-decoration: underline;\">l&rsquo;ASCA :<\/a><\/span><\/em><\/span><em><span style=\"color: #8300e9;\"><a href=\"http:\/\/www.asca.ch\/dc.aspx?content=Assureurs_conventionnes\" style=\"color: #8300e9; text-decoration: underline;\"><span>\u00a0<\/span><\/a><\/span><\/em><em><span style=\"color: #8300e9;\"><a href=\"http:\/\/www.asca.ch\/dc.aspx?content=Assureurs_conventionnes\" style=\"color: #8300e9; text-decoration: underline;\"><\/a><\/span><\/em><span style=\"text-decoration: underline;\"><em><span style=\"color: #8300e9; text-decoration: underline;\"><a href=\"http:\/\/www.asca.ch\/dc.aspx?content=Assureurs_conventionnes\" style=\"color: #8300e9; text-decoration: underline;\"><b>http:\/\/www.asca.ch\/dc.aspx?content=Assureurs_conventionnes<\/b><\/a><\/span><\/em><\/span><\/p>\n<p><a href=\"https:\/\/emr.ch\/fr\/partenaires\"><span style=\"color: #757575;\">de<\/span> <span style=\"text-decoration: underline;\"><em><span style=\"color: #8300e9; text-decoration: underline;\">la RM<\/span><\/em><em><span style=\"color: #8300e9; text-decoration: underline;\">E<\/span><\/em><strong><em><span style=\"color: #8300e9; text-decoration: underline;\"> :\u00a0<\/span><\/em><em><span style=\"color: #8300e9; text-decoration: underline;\">h<\/span><\/em><em><span style=\"color: #8300e9; text-decoration: underline;\"><\/span><\/em><\/strong><\/span><\/a><a href=\"https:\/\/emr.ch\/fr\/partenaires\"><span style=\"text-decoration: underline;\"><strong><em><span style=\"color: #8300e9; text-decoration: underline;\">ttps:\/\/emr.ch\/fr\/partenaires<\/span><\/em><\/strong><\/span><\/a><\/p>\n<p style=\"text-align: left;\"><span style=\"text-decoration: underline; color: #8300e9;\">Pour Information &#8211; Important<\/span><br \/>Un appel \u00e0 votre assurance vous garantit le remboursement et vous informe du pourcentage pris en compte, en <span style=\"text-decoration: underline;\">fonction du type de contrat de compl\u00e9mentaire que vous avez conclu<\/span>.<\/p>\n<p>[\/et_pb_text][\/et_pb_column][\/et_pb_row][et_pb_row module_class=\u00a0\u00bb et_pb_row_fullwidth\u00a0\u00bb _builder_version=\u00a0\u00bb4.16&Prime; width=\u00a0\u00bb89%\u00a0\u00bb width_tablet=\u00a0\u00bb80%\u00a0\u00bb width_phone=\u00a0\u00bb\u00a0\u00bb width_last_edited=\u00a0\u00bbon|desktop\u00a0\u00bb max_width=\u00a0\u00bb89%\u00a0\u00bb max_width_tablet=\u00a0\u00bb80%\u00a0\u00bb max_width_phone=\u00a0\u00bb\u00a0\u00bb max_width_last_edited=\u00a0\u00bbon|desktop\u00a0\u00bb min_height=\u00a0\u00bb1160px\u00a0\u00bb custom_padding=\u00a0\u00bb27px|0px|0|0px|false|false\u00a0\u00bb make_fullwidth=\u00a0\u00bbon\u00a0\u00bb global_colors_info=\u00a0\u00bb{}\u00a0\u00bb][et_pb_column type=\u00a0\u00bb4_4&Prime; _builder_version=\u00a0\u00bb4.16&Prime; custom_padding=\u00a0\u00bb|||\u00a0\u00bb global_colors_info=\u00a0\u00bb{}\u00a0\u00bb custom_padding__hover=\u00a0\u00bb|||\u00a0\u00bb][et_pb_text _builder_version=\u00a0\u00bb4.27.4&Prime; text_font=\u00a0\u00bbPoppins||||||||\u00a0\u00bb text_text_color=\u00a0\u00bb#486066&Prime; text_line_height=\u00a0\u00bb1.8em\u00a0\u00bb header_font=\u00a0\u00bb||||||||\u00a0\u00bb header_5_font=\u00a0\u00bb||||||||\u00a0\u00bb header_5_text_color=\u00a0\u00bb#12a19a\u00a0\u00bb width=\u00a0\u00bb44.1%\u00a0\u00bb custom_margin=\u00a0\u00bb||60px|\u00a0\u00bb hover_enabled=\u00a0\u00bb0&Prime; global_colors_info=\u00a0\u00bb{}\u00a0\u00bb sticky_enabled=\u00a0\u00bb0&Prime;]<\/p>\n<p style=\"text-align: left;\"><span style=\"text-decoration: underline; font-size: large;\">Marguerite<\/span><span style=\"font-size: large;\"> \u00a0<\/span><span style=\"text-decoration: underline; font-size: large;\"><em><\/em><\/span><strong><a href=\"https:\/\/institutdharmonie.ch\/wp-content\/uploads\/2021\/01\/ASCA.png\"><img loading=\"lazy\" decoding=\"async\" src=\"https:\/\/institutdharmonie.ch\/wp-content\/uploads\/2021\/01\/ASCA-300x52.png\" width=\"138\" height=\"24\" alt=\"\" class=\"wp-image-570 alignnone size-medium\" \/><\/a><\/strong><\/p>\n<p style=\"text-align: left;\"><strong>Massages \u00e9nerg\u00e9tiques :<\/strong> CHF 140 .-<br \/><em>S\u00e9ance d&rsquo;1h30<\/em><\/p>\n<p style=\"text-align: left;\"><strong>Coaching de Vie :<\/strong> CHF 140.-<br \/><em>S\u00e9ance d&rsquo;1h30<\/em><\/p>\n<p style=\"text-align: left;\"><span style=\"font-size: 15px; font-weight: bold;\">M\u00e9tamorphose :<\/span><span style=\"font-size: 15px; background-color: #ffffff;\">\u00a0CHF 140.-<\/span><em><br \/><\/em><span style=\"font-size: 15px; font-style: italic;\">S\u00e9ance d&rsquo;1h30<\/span><\/p>\n<p style=\"text-align: left;\"><strong>Rebouto :<\/strong> CHF 70.-<br \/><em>S\u00e9ance de 30 minutes<\/em><\/p>\n<p style=\"text-align: left;\"><strong>Massages Assis :<\/strong> CHF 30.-<br \/><em>S\u00e9ance de 20 minutes<\/em><\/p>\n<p style=\"text-align: left;\"><strong>R\u00e9flexologie Familiale :<\/strong> CHF 100.-<br \/><em>S\u00e9ance d&rsquo;1 heure<\/em><\/p>\n<p style=\"text-align: left;\"><strong>S\u00e9ance Energ\u00e9tique : <\/strong>CHF 40.-<br \/><em>S\u00e9ance de 2h30<\/em><\/p>\n<p style=\"text-align: left;\"><em style=\"font-size: 15px;\"><strong>Massages \u00e9nerg\u00e9tiques\/m\u00e9tamorphiques\u00a0<span style=\"text-decoration: underline;\">\u00e0 4 mains<\/span> : <\/strong>CHF 150.-\u00a0<strong><br \/><\/strong><em>S\u00e9ance d&rsquo;1h30<\/em><\/em><\/p>\n<p style=\"text-align: left;\"><em style=\"font-size: 15px;\">\u00a0<\/em><\/p>\n<p style=\"text-align: left;\"><em><\/em><\/p>\n<p style=\"text-align: left;\"><span style=\"font-size: large;\"><u>G\u00e9raldine<\/u> \u00a0<u><a href=\"\u00a0https:\/\/emr.ch\/fr\/partenaires\"><img loading=\"lazy\" decoding=\"async\" data-src=\"\/media\/logo\/logo_n.svg\" class=\"headlogo\" alt=\"Logo EMR\/RME\" src=\"https:\/\/emr.ch\/media\/logo\/logo_n.svg\" width=\"84\" height=\"47\" \/><\/a><\/u><\/span><\/p>\n<p style=\"text-align: left;\"><strong>Massages th\u00e9rapeutique, relaxant, sportif, r\u00e9cup\u2019 sportive, plantaire \u00e9nerg\u00e9tique chinoise :\u00a0<\/strong><em><br \/><\/em><\/p>\n<p>&#8211; 30 min. : 60.-<\/p>\n<p>&#8211; 45 min. : 80.-<\/p>\n<p>&#8211; 60 min. : 100.-<\/p>\n<p>&#8211; 75 min. : 120.-<\/p>\n<p style=\"text-align: left;\">\u00a0&#8211; 90 min. : 140.-<strong><\/strong><\/p>\n<p style=\"text-align: left;\"><strong><\/strong><\/p>\n<p><strong>Reflexologie (massage des zones reflexes des pieds)<\/strong><\/p>\n<p>60min. 100.-<\/p>\n<p><strong>Drainage lymphatique m\u00e9thode Dr Vodder<\/strong><\/p>\n<p>60 min. 100.-<br \/>75 min. 120.-<br \/>90 min. 140.-<\/p>\n<p><strong>Travail corporel et \u00e9nerg\u00e9tique en DLM ou en reflexo (au sol sur futon)<\/strong><\/p>\n<p>75 min. 120.-<br \/>90 min. 140.-<\/p>\n<p style=\"text-align: left;\"><strong><\/strong><\/p>\n<p>[\/et_pb_text][\/et_pb_column][\/et_pb_row][\/et_pb_section][et_pb_section fb_built=\u00a0\u00bb1&Prime; _builder_version=\u00a0\u00bb3.22&Prime; custom_padding=\u00a0\u00bb7px|0px|0|0px|false|false\u00a0\u00bb global_module=\u00a0\u00bb255&Prime; saved_tabs=\u00a0\u00bball\u00a0\u00bb global_colors_info=\u00a0\u00bb{}\u00a0\u00bb][et_pb_row column_structure=\u00a0\u00bb1_3,1_3,1_3&Prime; module_class=\u00a0\u00bb et_pb_row_fullwidth\u00a0\u00bb _builder_version=\u00a0\u00bb4.16&Prime; width=\u00a0\u00bb89%\u00a0\u00bb width_tablet=\u00a0\u00bb80%\u00a0\u00bb width_phone=\u00a0\u00bb\u00a0\u00bb width_last_edited=\u00a0\u00bbon|desktop\u00a0\u00bb max_width=\u00a0\u00bb89%\u00a0\u00bb max_width_tablet=\u00a0\u00bb80%\u00a0\u00bb max_width_phone=\u00a0\u00bb\u00a0\u00bb max_width_last_edited=\u00a0\u00bbon|desktop\u00a0\u00bb custom_padding=\u00a0\u00bb27px|0px|37px|0px|false|false\u00a0\u00bb make_fullwidth=\u00a0\u00bbon\u00a0\u00bb global_colors_info=\u00a0\u00bb{}\u00a0\u00bb][et_pb_column type=\u00a0\u00bb1_3&Prime; _builder_version=\u00a0\u00bb4.16&Prime; custom_padding=\u00a0\u00bb|||\u00a0\u00bb global_colors_info=\u00a0\u00bb{}\u00a0\u00bb custom_padding__hover=\u00a0\u00bb|||\u00a0\u00bb][et_pb_text _builder_version=\u00a0\u00bb4.16&Prime; text_font=\u00a0\u00bbPoppins||||||||\u00a0\u00bb text_text_color=\u00a0\u00bb#486066&Prime; text_line_height=\u00a0\u00bb1.8em\u00a0\u00bb header_font=\u00a0\u00bb||||||||\u00a0\u00bb header_5_font=\u00a0\u00bb||||||||\u00a0\u00bb header_5_text_color=\u00a0\u00bb#12a19a\u00a0\u00bb text_orientation=\u00a0\u00bbcenter\u00a0\u00bb custom_margin=\u00a0\u00bb||60px|\u00a0\u00bb global_colors_info=\u00a0\u00bb{}\u00a0\u00bb]<\/p>\n<h5><span style=\"color: #993366;\">Institut d&rsquo;Harmonie<\/span><\/h5>\n<p>Rue des Morasses 4<br \/> 1920 Martigny<\/p>\n<p>[\/et_pb_text][\/et_pb_column][et_pb_column type=\u00a0\u00bb1_3&Prime; _builder_version=\u00a0\u00bb4.16&Prime; custom_padding=\u00a0\u00bb|||\u00a0\u00bb global_colors_info=\u00a0\u00bb{}\u00a0\u00bb custom_padding__hover=\u00a0\u00bb|||\u00a0\u00bb][et_pb_map address=\u00a0\u00bbRue des Morasses 4, 1920 Martigny, Suisse\u00a0\u00bb address_lat=\u00a0\u00bb46.0993627&Prime; address_lng=\u00a0\u00bb7.0716258&Prime; _builder_version=\u00a0\u00bb4.16&Prime; height=\u00a0\u00bb221px\u00a0\u00bb global_colors_info=\u00a0\u00bb{}\u00a0\u00bb][et_pb_map_pin title=\u00a0\u00bbInstitut d&rsquo;Harmonie Martigny\u00a0\u00bb pin_address=\u00a0\u00bbRue des Morasses 4, 1920 Martigny, Suisse\u00a0\u00bb pin_address_lat=\u00a0\u00bb46.0993627&Prime; pin_address_lng=\u00a0\u00bb7.0716258&Prime; _builder_version=\u00a0\u00bb4.6.6&Prime; _module_preset=\u00a0\u00bbdefault\u00a0\u00bb global_colors_info=\u00a0\u00bb{}\u00a0\u00bb][\/et_pb_map_pin][\/et_pb_map][\/et_pb_column][et_pb_column type=\u00a0\u00bb1_3&Prime; _builder_version=\u00a0\u00bb4.16&Prime; custom_padding=\u00a0\u00bb|||\u00a0\u00bb global_colors_info=\u00a0\u00bb{}\u00a0\u00bb custom_padding__hover=\u00a0\u00bb|||\u00a0\u00bb][\/et_pb_column][\/et_pb_row][\/et_pb_section]<\/p>\n","protected":false},"excerpt":{"rendered":"<p>Liste de Prix et Agr\u00e9gations Pour savoir si votre Assurance en soins compl\u00e9mentaires rembourse nos prestations, pri\u00e8re de se r\u00e9f\u00e9rer aux sites: de l&rsquo;ASCA :\u00a0http:\/\/www.asca.ch\/dc.aspx?content=Assureurs_conventionnes de la RME :\u00a0https:\/\/emr.ch\/fr\/partenaires Pour Information &#8211; ImportantUn appel \u00e0 votre assurance vous garantit le remboursement et vous informe du pourcentage pris en compte, en fonction du type de contrat [&hellip;]<\/p>\n","protected":false},"author":1,"featured_media":0,"parent":0,"menu_order":0,"comment_status":"closed","ping_status":"closed","template":"","meta":{"_et_pb_use_builder":"on","_et_pb_old_content":"","_et_gb_content_width":"","footnotes":""},"class_list":["post-560","page","type-page","status-publish","hentry"],"_links":{"self":[{"href":"https:\/\/institutdharmonie.ch\/index.php?rest_route=\/wp\/v2\/pages\/560","targetHints":{"allow":["GET"]}}],"collection":[{"href":"https:\/\/institutdharmonie.ch\/index.php?rest_route=\/wp\/v2\/pages"}],"about":[{"href":"https:\/\/institutdharmonie.ch\/index.php?rest_route=\/wp\/v2\/types\/page"}],"author":[{"embeddable":true,"href":"https:\/\/institutdharmonie.ch\/index.php?rest_route=\/wp\/v2\/users\/1"}],"replies":[{"embeddable":true,"href":"https:\/\/institutdharmonie.ch\/index.php?rest_route=%2Fwp%2Fv2%2Fcomments&post=560"}],"version-history":[{"count":0,"href":"https:\/\/institutdharmonie.ch\/index.php?rest_route=\/wp\/v2\/pages\/560\/revisions"}],"wp:attachment":[{"href":"https:\/\/institutdharmonie.ch\/index.php?rest_route=%2Fwp%2Fv2%2Fmedia&parent=560"}],"curies":[{"name":"wp","href":"https:\/\/api.w.org\/{rel}","templated":true}]}}