{"id":149,"date":"2019-02-03T13:56:16","date_gmt":"2019-02-03T12:56:16","guid":{"rendered":"http:\/\/institutdharmonie.ch\/?page_id=149"},"modified":"2025-05-21T09:19:07","modified_gmt":"2025-05-21T08:19:07","slug":"cours-solo-groupes","status":"publish","type":"page","link":"https:\/\/institutdharmonie.ch\/?page_id=149","title":{"rendered":"Cours"},"content":{"rendered":"[et_pb_section fb_built=\u00a0\u00bb1&Prime; admin_label=\u00a0\u00bbHero Section\u00a0\u00bb _builder_version=\u00a0\u00bb4.27.4&Prime; use_background_color_gradient=\u00a0\u00bbon\u00a0\u00bb background_color_gradient_direction=\u00a0\u00bb105deg\u00a0\u00bb background_color_gradient_stops=\u00a0\u00bb#efefc2 0%|#387dd8 100%\u00a0\u00bb background_color_gradient_overlays_image=\u00a0\u00bbon\u00a0\u00bb background_color_gradient_start=\u00a0\u00bb#efefc2&Prime; background_color_gradient_end=\u00a0\u00bb#387dd8&Prime; background_image=\u00a0\u00bbhttps:\/\/institutdharmonie.ch\/wp-content\/uploads\/2018\/12\/Massage-th\u00e9rapeutique.jpg\u00a0\u00bb background_blend=\u00a0\u00bbmultiply\u00a0\u00bb custom_padding=\u00a0\u00bb60px|0px|60px|0px\u00a0\u00bb filter_hue_rotate=\u00a0\u00bb341deg\u00a0\u00bb filter_saturate=\u00a0\u00bb62%\u00a0\u00bb filter_brightness=\u00a0\u00bb126%\u00a0\u00bb filter_opacity=\u00a0\u00bb90%\u00a0\u00bb mix_blend_mode=\u00a0\u00bbluminosity\u00a0\u00bb hover_enabled=\u00a0\u00bb0&Prime; global_colors_info=\u00a0\u00bb{}\u00a0\u00bb sticky_enabled=\u00a0\u00bb0&Prime;][et_pb_row _builder_version=\u00a0\u00bb4.16&Prime; background_size=\u00a0\u00bbinitial\u00a0\u00bb background_position=\u00a0\u00bbtop_left\u00a0\u00bb background_repeat=\u00a0\u00bbrepeat\u00a0\u00bb custom_margin=\u00a0\u00bb|76px||auto||\u00a0\u00bb global_colors_info=\u00a0\u00bb{}\u00a0\u00bb][et_pb_column type=\u00a0\u00bb4_4&Prime; _builder_version=\u00a0\u00bb4.16&Prime; custom_padding=\u00a0\u00bb|||\u00a0\u00bb global_colors_info=\u00a0\u00bb{}\u00a0\u00bb custom_padding__hover=\u00a0\u00bb|||\u00a0\u00bb][et_pb_text _builder_version=\u00a0\u00bb4.16&Prime; text_font=\u00a0\u00bbPoppins||||||||\u00a0\u00bb text_text_color=\u00a0\u00bbrgba(255,255,255,0.8)\u00a0\u00bb text_font_size=\u00a0\u00bb18px\u00a0\u00bb text_line_height=\u00a0\u00bb1.8em\u00a0\u00bb header_font=\u00a0\u00bbCalligraffitti|700|||||||\u00a0\u00bb header_text_color=\u00a0\u00bb#ffffff\u00a0\u00bb header_font_size=\u00a0\u00bb68px\u00a0\u00bb header_line_height=\u00a0\u00bb1.4em\u00a0\u00bb header_2_font=\u00a0\u00bb|300|||||||\u00a0\u00bb header_2_text_align=\u00a0\u00bbleft\u00a0\u00bb header_2_font_size=\u00a0\u00bb18px\u00a0\u00bb header_3_font=\u00a0\u00bbPoppins|600|||||||\u00a0\u00bb header_3_font_size=\u00a0\u00bb36px\u00a0\u00bb header_3_line_height=\u00a0\u00bb1.4em\u00a0\u00bb background_layout=\u00a0\u00bbdark\u00a0\u00bb max_width=\u00a0\u00bb921px\u00a0\u00bb module_alignment=\u00a0\u00bbleft\u00a0\u00bb custom_margin=\u00a0\u00bb|||\u00a0\u00bb locked=\u00a0\u00bboff\u00a0\u00bb global_colors_info=\u00a0\u00bb{}\u00a0\u00bb]<h1 style=\"text-align: center;\">Formation M\u00e9tamorphose <br \/>Module I<\/h1>\n<p>&nbsp;<\/p>\n<h2>Faire de sa passion sa profession<\/h2>[\/et_pb_text][\/et_pb_column][\/et_pb_row][\/et_pb_section][et_pb_section fb_built=\u00a0\u00bb1&Prime; admin_label=\u00a0\u00bbAbout Us Section\u00a0\u00bb _builder_version=\u00a0\u00bb4.16&Prime; custom_padding=\u00a0\u00bb40px|0px|0|0px|false|false\u00a0\u00bb global_colors_info=\u00a0\u00bb{}\u00a0\u00bb][et_pb_row module_class=\u00a0\u00bb et_pb_row_fullwidth\u00a0\u00bb _builder_version=\u00a0\u00bb4.16&Prime; width=\u00a0\u00bb89%\u00a0\u00bb width_tablet=\u00a0\u00bb80%\u00a0\u00bb width_phone=\u00a0\u00bb\u00a0\u00bb width_last_edited=\u00a0\u00bbon|desktop\u00a0\u00bb max_width=\u00a0\u00bb89%\u00a0\u00bb max_width_tablet=\u00a0\u00bb80%\u00a0\u00bb max_width_phone=\u00a0\u00bb\u00a0\u00bb max_width_last_edited=\u00a0\u00bbon|desktop\u00a0\u00bb custom_padding=\u00a0\u00bb27px|0px|0|0px|false|false\u00a0\u00bb make_fullwidth=\u00a0\u00bbon\u00a0\u00bb global_colors_info=\u00a0\u00bb{}\u00a0\u00bb][et_pb_column type=\u00a0\u00bb4_4&Prime; _builder_version=\u00a0\u00bb4.16&Prime; custom_padding=\u00a0\u00bb|||\u00a0\u00bb global_colors_info=\u00a0\u00bb{}\u00a0\u00bb custom_padding__hover=\u00a0\u00bb|||\u00a0\u00bb][et_pb_text _builder_version=\u00a0\u00bb4.16&Prime; text_font=\u00a0\u00bbAmaranth||||||||\u00a0\u00bb text_font_size=\u00a0\u00bb17px\u00a0\u00bb header_font=\u00a0\u00bb||||||||\u00a0\u00bb header_2_font=\u00a0\u00bbCalligraffitti|700|||||||\u00a0\u00bb header_2_text_align=\u00a0\u00bbleft\u00a0\u00bb header_2_text_color=\u00a0\u00bb#12a19a\u00a0\u00bb header_2_font_size=\u00a0\u00bb25px\u00a0\u00bb header_3_font=\u00a0\u00bbPoppins|600|||||||\u00a0\u00bb header_3_text_color=\u00a0\u00bb#44d89e\u00a0\u00bb header_3_font_size=\u00a0\u00bb36px\u00a0\u00bb header_3_line_height=\u00a0\u00bb1.4em\u00a0\u00bb min_height=\u00a0\u00bb40px\u00a0\u00bb custom_margin=\u00a0\u00bb-17px||8px|||\u00a0\u00bb custom_padding=\u00a0\u00bb0px||25px|||\u00a0\u00bb global_colors_info=\u00a0\u00bb{}\u00a0\u00bb]<p><span class=\"Apple-converted-space\">\u00a0<\/span><span style=\"color: #7c7c7c;\">Avant de d\u00e9buter la formation, il est n\u00e9cessaire de recevoir soi-m\u00eame<\/span><br \/><span style=\"color: #7c7c7c;\">trois massages cons\u00e9cutifs pour s\u2019\u00e9veiller au processus m\u00e9tamorphique.<\/span><\/p>\n<p><span style=\"color: #7c7c7c;\"><b>1er Module<br \/><\/b><\/span><\/p>\n<p><span style=\"color: #7c7c7c;\"><b><\/b><\/span><\/p>\n<p><span style=\"color: #7c7c7c;\">Objectif:<span class=\"Apple-converted-space\">\u00a0<\/span><\/span><\/p>\n<p><span style=\"color: #7c7c7c;\"><span class=\"Apple-tab-span\"> <\/span><span class=\"Apple-converted-space\">\u00a0 \u00a0 <\/span>Travail de m\u00e9tamorphose sur soi pour se lib\u00e9rer de ses blocages personnels <span class=\"Apple-tab-span\"> <\/span><\/span><br \/><span style=\"color: #7c7c7c;\"><span class=\"Apple-tab-span\"> <\/span><span class=\"Apple-converted-space\">\u00a0 \u00a0 <\/span>afin de savoir ensuite \u00eatre \u00e0 l\u2019\u00e9coute des autres.<span class=\"Apple-converted-space\">\u00a0<\/span><\/span><\/p>\n<p><span style=\"color: #7c7c7c;\"><span class=\"Apple-tab-span\"> <\/span><span class=\"Apple-converted-space\">\u00a0 \u00a0 <\/span>Travail de groupe pour se lib\u00e9rer des blocages personnels sp\u00e9cifiques au<span class=\"Apple-converted-space\">\u00a0<\/span>groupe afin de savoir ensuite \u00eatre \u00e0 l\u2019\u00e9coute des autres.<\/span><\/p>\n<p><span style=\"color: #7c7c7c;\"><\/span><\/p>\n<p><span style=\"color: #7c7c7c;\">Contenu:<span class=\"Apple-converted-space\">\u00a0<\/span><\/span><\/p>\n<p><span style=\"color: #7c7c7c;\"><span class=\"Apple-tab-span\"> <\/span><span class=\"Apple-converted-space\">\u00a0 \u00a0 <\/span>Introduction \u00e0 la m\u00e9tamorphose<\/span><\/p>\n<p><span style=\"color: #7c7c7c;\"><span class=\"Apple-tab-span\"> <\/span><span class=\"Apple-converted-space\">\u00a0 \u00a0 \u00a0 \u00a0 \u00a0 \u00a0 \u00a0 \u00a0 <\/span>Histoire, philosophie et origines<\/span><\/p>\n<p><span style=\"color: #7c7c7c;\"><span class=\"Apple-converted-space\">\u00a0 \u00a0 \u00a0 \u00a0 \u00a0 \u00a0 \u00a0 \u00a0 <\/span>Principes fondamentaux<\/span><\/p>\n<p><span style=\"color: #7c7c7c;\"><span class=\"Apple-converted-space\">\u00a0 \u00a0 \u00a0 \u00a0 \u00a0 \u00a0 \u00a0 \u00a0 <\/span>La transformation<\/span><\/p>\n<p><span style=\"color: #7c7c7c;\"><span class=\"Apple-converted-space\">\u00a0 \u00a0 \u00a0 \u00a0 \u00a0 \u00a0 \u00a0 \u00a0 <\/span>La connaissance de l\u2019\u00e9nergie dans le corps &#8211; les chakras<\/span><\/p>\n<p><span style=\"color: #7c7c7c;\"><span class=\"Apple-converted-space\">\u00a0 \u00a0 \u00a0 \u00a0 \u00a0 \u00a0 \u00a0 \u00a0 <\/span>Le Sch\u00e9ma pr\u00e9natal<\/span><\/p>\n<p><span style=\"color: #7c7c7c;\"><span class=\"Apple-converted-space\">\u00a0 \u00a0 \u00a0 \u00a0 \u00a0 \u00a0 \u00a0 \u00a0 <\/span>Psychologie et th\u00e9rapie<\/span><\/p>\n<p><span style=\"color: #7c7c7c;\"><span class=\"Apple-converted-space\">\u00a0 \u00a0 \u00a0 \u00a0 \u00a0 \u00a0 \u00a0 \u00a0 <\/span>Le processus de transformation et les crises de gu\u00e9rison<\/span><\/p>\n<p><span style=\"color: #7c7c7c;\"><span class=\"Apple-converted-space\">\u00a0 \u00a0 \u00a0 \u00a0 \u00a0 \u00a0 \u00a0 \u00a0 <\/span>La Gu\u00e9rison<\/span><\/p>\n<p><span style=\"color: #7c7c7c;\"><span class=\"Apple-tab-span\"> <\/span> <span class=\"Apple-converted-space\">\u00a0 \u00a0 <\/span>Introduction \u00e0 la pratique du massage m\u00e9tamorphique<\/span><\/p>\n<p><span style=\"color: #7c7c7c;\"><span class=\"Apple-converted-space\">\u00a0 \u00a0 \u00a0 \u00a0 \u00a0 \u00a0 \u00a0 \u00a0 <\/span>Introduction au ressenti de l\u2019\u00e9nergie<\/span><\/p>\n<p><span style=\"color: #7c7c7c;\"><span class=\"Apple-converted-space\">\u00a0 \u00a0 \u00a0 \u00a0 \u00a0 \u00a0 \u00a0 \u00a0 <\/span>Evaluation de fin du 1er module<\/span><\/p>\n<p>&nbsp;<\/p>\n<p><span style=\"color: #7c7c7c;\">Dur\u00e9e: <span class=\"Apple-converted-space\">\u00a0 <\/span>74h<\/span><\/p>\n<p><span style=\"color: #7c7c7c;\"><span class=\"Apple-tab-span\"> <\/span><span class=\"Apple-converted-space\">\u00a0 \u00a0 <\/span>Travail individuel en classe : 25h<span class=\"Apple-converted-space\">\u00a0<\/span><\/span><\/p>\n<p><span style=\"color: #7c7c7c;\"><span class=\"Apple-converted-space\">\u00a0 <span class=\"Apple-tab-span\"> <\/span>\u00a0 <\/span>Travail de groupe : 25h<\/span><br \/><span style=\"color: #7c7c7c;\"><span class=\"Apple-tab-span\"> <\/span><span class=\"Apple-converted-space\">\u00a0 \u00a0 <\/span>Travail personnel accompagn\u00e9 : env. 24h (Groupe Whatsapp pour les questions et le partage)<\/span><\/p>\n<p>\u00a0<span style=\"color: rgba(255, 255, 255, 0);\"> <\/span><span style=\"color: #446666;\"><\/span><span style=\"color: #446666;\"><\/span><\/p>[\/et_pb_text][et_pb_divider color=\u00a0\u00bb#76c1e0&Prime; divider_weight=\u00a0\u00bb3px\u00a0\u00bb _builder_version=\u00a0\u00bb4.16&Prime; max_width=\u00a0\u00bb8%\u00a0\u00bb module_alignment=\u00a0\u00bbcenter\u00a0\u00bb global_colors_info=\u00a0\u00bb{}\u00a0\u00bb][\/et_pb_divider][\/et_pb_column][\/et_pb_row][et_pb_row _builder_version=\u00a0\u00bb4.16&Prime; global_colors_info=\u00a0\u00bb{}\u00a0\u00bb][et_pb_column type=\u00a0\u00bb4_4&Prime; _builder_version=\u00a0\u00bb4.16&Prime; custom_padding=\u00a0\u00bb|||\u00a0\u00bb global_colors_info=\u00a0\u00bb{}\u00a0\u00bb custom_padding__hover=\u00a0\u00bb|||\u00a0\u00bb][et_pb_button button_url=\u00a0\u00bbhttps:\/\/institutdharmonie.ch\/contact\u00a0\u00bb button_text=\u00a0\u00bbContact\u00a0\u00bb button_alignment=\u00a0\u00bbcenter\u00a0\u00bb _builder_version=\u00a0\u00bb4.16&Prime; custom_button=\u00a0\u00bbon\u00a0\u00bb button_text_color=\u00a0\u00bb#76c1e0&Prime; button_font=\u00a0\u00bbBaloo||||||||\u00a0\u00bb button_icon=\u00a0\u00bb&#x6a;||divi||400&Prime; button_icon_color=\u00a0\u00bb#76c1e0&Prime; button_icon_placement=\u00a0\u00bbleft\u00a0\u00bb button_bg_color_hover=\u00a0\u00bbrgba(0,0,0,0)\u00a0\u00bb global_colors_info=\u00a0\u00bb{}\u00a0\u00bb button_text_size__hover_enabled=\u00a0\u00bboff\u00a0\u00bb button_one_text_size__hover_enabled=\u00a0\u00bboff\u00a0\u00bb button_two_text_size__hover_enabled=\u00a0\u00bboff\u00a0\u00bb button_text_color__hover_enabled=\u00a0\u00bboff\u00a0\u00bb button_one_text_color__hover_enabled=\u00a0\u00bboff\u00a0\u00bb button_two_text_color__hover_enabled=\u00a0\u00bboff\u00a0\u00bb button_border_width__hover_enabled=\u00a0\u00bboff\u00a0\u00bb button_one_border_width__hover_enabled=\u00a0\u00bboff\u00a0\u00bb button_two_border_width__hover_enabled=\u00a0\u00bboff\u00a0\u00bb button_border_color__hover_enabled=\u00a0\u00bboff\u00a0\u00bb button_one_border_color__hover_enabled=\u00a0\u00bboff\u00a0\u00bb button_two_border_color__hover_enabled=\u00a0\u00bboff\u00a0\u00bb button_border_radius__hover_enabled=\u00a0\u00bboff\u00a0\u00bb button_one_border_radius__hover_enabled=\u00a0\u00bboff\u00a0\u00bb button_two_border_radius__hover_enabled=\u00a0\u00bboff\u00a0\u00bb button_letter_spacing__hover_enabled=\u00a0\u00bboff\u00a0\u00bb button_one_letter_spacing__hover_enabled=\u00a0\u00bboff\u00a0\u00bb button_two_letter_spacing__hover_enabled=\u00a0\u00bboff\u00a0\u00bb button_bg_color__hover_enabled=\u00a0\u00bbon\u00a0\u00bb button_bg_color__hover=\u00a0\u00bbrgba(0,0,0,0)\u00a0\u00bb button_one_bg_color__hover_enabled=\u00a0\u00bboff\u00a0\u00bb button_two_bg_color__hover_enabled=\u00a0\u00bboff\u00a0\u00bb][\/et_pb_button][\/et_pb_column][\/et_pb_row][\/et_pb_section][et_pb_section fb_built=\u00a0\u00bb1&Prime; _builder_version=\u00a0\u00bb3.22&Prime; custom_padding=\u00a0\u00bb7px|0px|0|0px|false|false\u00a0\u00bb global_module=\u00a0\u00bb255&Prime; saved_tabs=\u00a0\u00bball\u00a0\u00bb global_colors_info=\u00a0\u00bb{}\u00a0\u00bb][et_pb_row column_structure=\u00a0\u00bb1_3,1_3,1_3&Prime; module_class=\u00a0\u00bb et_pb_row_fullwidth\u00a0\u00bb _builder_version=\u00a0\u00bb4.16&Prime; width=\u00a0\u00bb89%\u00a0\u00bb width_tablet=\u00a0\u00bb80%\u00a0\u00bb width_phone=\u00a0\u00bb\u00a0\u00bb width_last_edited=\u00a0\u00bbon|desktop\u00a0\u00bb max_width=\u00a0\u00bb89%\u00a0\u00bb max_width_tablet=\u00a0\u00bb80%\u00a0\u00bb max_width_phone=\u00a0\u00bb\u00a0\u00bb max_width_last_edited=\u00a0\u00bbon|desktop\u00a0\u00bb custom_padding=\u00a0\u00bb27px|0px|37px|0px|false|false\u00a0\u00bb make_fullwidth=\u00a0\u00bbon\u00a0\u00bb global_colors_info=\u00a0\u00bb{}\u00a0\u00bb][et_pb_column type=\u00a0\u00bb1_3&Prime; _builder_version=\u00a0\u00bb4.16&Prime; custom_padding=\u00a0\u00bb|||\u00a0\u00bb global_colors_info=\u00a0\u00bb{}\u00a0\u00bb custom_padding__hover=\u00a0\u00bb|||\u00a0\u00bb][et_pb_text _builder_version=\u00a0\u00bb4.16&Prime; text_font=\u00a0\u00bbPoppins||||||||\u00a0\u00bb text_text_color=\u00a0\u00bb#486066&Prime; text_line_height=\u00a0\u00bb1.8em\u00a0\u00bb header_font=\u00a0\u00bb||||||||\u00a0\u00bb header_5_font=\u00a0\u00bb||||||||\u00a0\u00bb header_5_text_color=\u00a0\u00bb#12a19a\u00a0\u00bb text_orientation=\u00a0\u00bbcenter\u00a0\u00bb custom_margin=\u00a0\u00bb||60px|\u00a0\u00bb global_colors_info=\u00a0\u00bb{}\u00a0\u00bb]<h5><span style=\"color: #993366;\">Institut d&rsquo;Harmonie<\/span><\/h5>\n<p>Rue des Morasses 4<br \/> 1920 Martigny<\/p>[\/et_pb_text][\/et_pb_column][et_pb_column type=\u00a0\u00bb1_3&Prime; _builder_version=\u00a0\u00bb4.16&Prime; custom_padding=\u00a0\u00bb|||\u00a0\u00bb global_colors_info=\u00a0\u00bb{}\u00a0\u00bb custom_padding__hover=\u00a0\u00bb|||\u00a0\u00bb][et_pb_map address=\u00a0\u00bbRue des Morasses 4, 1920 Martigny, Suisse\u00a0\u00bb address_lat=\u00a0\u00bb46.0993627&Prime; address_lng=\u00a0\u00bb7.0716258&Prime; _builder_version=\u00a0\u00bb4.16&Prime; height=\u00a0\u00bb221px\u00a0\u00bb global_colors_info=\u00a0\u00bb{}\u00a0\u00bb][et_pb_map_pin title=\u00a0\u00bbInstitut d&rsquo;Harmonie Martigny\u00a0\u00bb pin_address=\u00a0\u00bbRue des Morasses 4, 1920 Martigny, Suisse\u00a0\u00bb pin_address_lat=\u00a0\u00bb46.0993627&Prime; pin_address_lng=\u00a0\u00bb7.0716258&Prime; _builder_version=\u00a0\u00bb4.6.6&Prime; _module_preset=\u00a0\u00bbdefault\u00a0\u00bb global_colors_info=\u00a0\u00bb{}\u00a0\u00bb][\/et_pb_map_pin][\/et_pb_map][\/et_pb_column][et_pb_column type=\u00a0\u00bb1_3&Prime; _builder_version=\u00a0\u00bb4.16&Prime; custom_padding=\u00a0\u00bb|||\u00a0\u00bb global_colors_info=\u00a0\u00bb{}\u00a0\u00bb custom_padding__hover=\u00a0\u00bb|||\u00a0\u00bb][\/et_pb_column][\/et_pb_row][\/et_pb_section][et_pb_section fb_built=\u00a0\u00bb1&Prime; admin_label=\u00a0\u00bbsection\u00a0\u00bb _builder_version=\u00a0\u00bb4.16&Prime; global_colors_info=\u00a0\u00bb{}\u00a0\u00bb][et_pb_row admin_label=\u00a0\u00bbrow\u00a0\u00bb _builder_version=\u00a0\u00bb4.16&Prime; background_size=\u00a0\u00bbinitial\u00a0\u00bb background_position=\u00a0\u00bbtop_left\u00a0\u00bb background_repeat=\u00a0\u00bbrepeat\u00a0\u00bb global_colors_info=\u00a0\u00bb{}\u00a0\u00bb][et_pb_column type=\u00a0\u00bb4_4&Prime; _builder_version=\u00a0\u00bb4.16&Prime; custom_padding=\u00a0\u00bb|||\u00a0\u00bb global_colors_info=\u00a0\u00bb{}\u00a0\u00bb custom_padding__hover=\u00a0\u00bb|||\u00a0\u00bb][et_pb_text admin_label=\u00a0\u00bbText\u00a0\u00bb _builder_version=\u00a0\u00bb4.16&Prime; background_size=\u00a0\u00bbinitial\u00a0\u00bb background_position=\u00a0\u00bbtop_left\u00a0\u00bb background_repeat=\u00a0\u00bbrepeat\u00a0\u00bb global_colors_info=\u00a0\u00bb{}\u00a0\u00bb][\/et_pb_text][\/et_pb_column][\/et_pb_row][\/et_pb_section]","protected":false},"excerpt":{"rendered":"<p>Formation M\u00e9tamorphose Module I &nbsp; Faire de sa passion sa profession\u00a0Avant de d\u00e9buter la formation, il est n\u00e9cessaire de recevoir soi-m\u00eametrois massages cons\u00e9cutifs pour s\u2019\u00e9veiller au processus m\u00e9tamorphique. 1er Module Objectif:\u00a0 \u00a0 \u00a0 Travail de m\u00e9tamorphose sur soi pour se lib\u00e9rer de ses blocages personnels \u00a0 \u00a0 afin de savoir ensuite \u00eatre \u00e0 l\u2019\u00e9coute des [&hellip;]<\/p>\n","protected":false},"author":1,"featured_media":0,"parent":0,"menu_order":0,"comment_status":"closed","ping_status":"closed","template":"","meta":{"_et_pb_use_builder":"on","_et_pb_old_content":"","_et_gb_content_width":"","footnotes":""},"class_list":["post-149","page","type-page","status-publish","hentry"],"_links":{"self":[{"href":"https:\/\/institutdharmonie.ch\/index.php?rest_route=\/wp\/v2\/pages\/149","targetHints":{"allow":["GET"]}}],"collection":[{"href":"https:\/\/institutdharmonie.ch\/index.php?rest_route=\/wp\/v2\/pages"}],"about":[{"href":"https:\/\/institutdharmonie.ch\/index.php?rest_route=\/wp\/v2\/types\/page"}],"author":[{"embeddable":true,"href":"https:\/\/institutdharmonie.ch\/index.php?rest_route=\/wp\/v2\/users\/1"}],"replies":[{"embeddable":true,"href":"https:\/\/institutdharmonie.ch\/index.php?rest_route=%2Fwp%2Fv2%2Fcomments&post=149"}],"version-history":[{"count":0,"href":"https:\/\/institutdharmonie.ch\/index.php?rest_route=\/wp\/v2\/pages\/149\/revisions"}],"wp:attachment":[{"href":"https:\/\/institutdharmonie.ch\/index.php?rest_route=%2Fwp%2Fv2%2Fmedia&parent=149"}],"curies":[{"name":"wp","href":"https:\/\/api.w.org\/{rel}","templated":true}]}}