{"id":130,"date":"2019-02-03T13:00:53","date_gmt":"2019-02-03T12:00:53","guid":{"rendered":"http:\/\/institutdharmonie.ch\/?page_id=130"},"modified":"2021-02-18T17:22:32","modified_gmt":"2021-02-18T16:22:32","slug":"soins-holistiques","status":"publish","type":"page","link":"https:\/\/institutdharmonie.ch\/?page_id=130","title":{"rendered":"Soins holistiques"},"content":{"rendered":"<p>[et_pb_section fb_built=\u00a0\u00bb1&Prime; admin_label=\u00a0\u00bbHero Section\u00a0\u00bb _builder_version=\u00a0\u00bb4.7.3&Prime; use_background_color_gradient=\u00a0\u00bbon\u00a0\u00bb background_color_gradient_start=\u00a0\u00bb#ffb587&Prime; background_color_gradient_end=\u00a0\u00bb#ffffff\u00a0\u00bb background_color_gradient_direction=\u00a0\u00bb105deg\u00a0\u00bb background_color_gradient_overlays_image=\u00a0\u00bbon\u00a0\u00bb background_image=\u00a0\u00bbhttps:\/\/institutdharmonie.ch\/wp-content\/uploads\/2018\/12\/Massage-th\u00e9rapeutique.jpg\u00a0\u00bb background_blend=\u00a0\u00bbmultiply\u00a0\u00bb min_height=\u00a0\u00bb356px\u00a0\u00bb custom_margin=\u00a0\u00bb||-3px|||\u00a0\u00bb custom_padding=\u00a0\u00bb60px|0px|60px|0px\u00a0\u00bb][et_pb_row _builder_version=\u00a0\u00bb3.25&Prime; background_size=\u00a0\u00bbinitial\u00a0\u00bb background_position=\u00a0\u00bbtop_left\u00a0\u00bb background_repeat=\u00a0\u00bbrepeat\u00a0\u00bb min_height=\u00a0\u00bb108px\u00a0\u00bb][et_pb_column type=\u00a0\u00bb4_4&Prime; _builder_version=\u00a0\u00bb3.25&Prime; custom_padding=\u00a0\u00bb|||\u00a0\u00bb custom_padding__hover=\u00a0\u00bb|||\u00a0\u00bb][et_pb_text _builder_version=\u00a0\u00bb3.27.4&Prime; text_font=\u00a0\u00bbPoppins||||||||\u00a0\u00bb text_text_color=\u00a0\u00bbrgba(255,255,255,0.8)\u00a0\u00bb text_font_size=\u00a0\u00bb18px\u00a0\u00bb text_line_height=\u00a0\u00bb1.8em\u00a0\u00bb header_font=\u00a0\u00bbCalligraffitti|700|||||||\u00a0\u00bb header_text_color=\u00a0\u00bb#ffffff\u00a0\u00bb header_font_size=\u00a0\u00bb68px\u00a0\u00bb header_line_height=\u00a0\u00bb1.4em\u00a0\u00bb header_2_font=\u00a0\u00bb|300|||||||\u00a0\u00bb header_2_text_align=\u00a0\u00bbleft\u00a0\u00bb header_2_font_size=\u00a0\u00bb18px\u00a0\u00bb header_3_font=\u00a0\u00bbPoppins|600|||||||\u00a0\u00bb header_3_font_size=\u00a0\u00bb36px\u00a0\u00bb header_3_line_height=\u00a0\u00bb1.4em\u00a0\u00bb background_layout=\u00a0\u00bbdark\u00a0\u00bb max_width=\u00a0\u00bb929px\u00a0\u00bb module_alignment=\u00a0\u00bbleft\u00a0\u00bb min_height=\u00a0\u00bb73px\u00a0\u00bb custom_margin=\u00a0\u00bb|||\u00a0\u00bb custom_padding=\u00a0\u00bb|0px||||\u00a0\u00bb locked=\u00a0\u00bboff\u00a0\u00bb]<\/p>\n<h1>Les Massages Energ\u00e9tiques<\/h1>\n<h2 style=\"text-align: center;\"><span style=\"color: #f7da20;\">\u00a0 \u00a0 \u00a0 \u00a0 \u00a0 \u00a0 \u00a0 \u00a0 \u00a0 \u00a0 \u00a0 \u00a0 \u00a0 \u00a0 \u00a0 \u00a0 \u00a0 \u00a0 \u00a0 \u00a0 \u00a0 \u00a0 \u00a0 \u00a0 \u00a0 \u00a0 \u00a0 \u00a0 \u00a0 \u00a0Notre corps est \u00e9nergie<\/span><\/h2>\n<p>[\/et_pb_text][et_pb_button button_text=\u00a0\u00bb%22Deviens Papillon%22&Prime; button_alignment=\u00a0\u00bbright\u00a0\u00bb _builder_version=\u00a0\u00bb4.7.3&Prime; custom_button=\u00a0\u00bbon\u00a0\u00bb button_text_size=\u00a0\u00bb26px\u00a0\u00bb button_text_color=\u00a0\u00bb#ffffff\u00a0\u00bb button_border_width=\u00a0\u00bb0px\u00a0\u00bb button_font=\u00a0\u00bbAmaranth||on||||||\u00a0\u00bb button_icon=\u00a0\u00bb%%73%%\u00a0\u00bb button_icon_color=\u00a0\u00bb#76c1e0&Prime; button_icon_placement=\u00a0\u00bbleft\u00a0\u00bb background_layout=\u00a0\u00bbdark\u00a0\u00bb button_bg_color_hover=\u00a0\u00bbrgba(0,0,0,0)\u00a0\u00bb button_text_size__hover_enabled=\u00a0\u00bboff\u00a0\u00bb button_one_text_size__hover_enabled=\u00a0\u00bboff\u00a0\u00bb button_two_text_size__hover_enabled=\u00a0\u00bboff\u00a0\u00bb button_text_color__hover_enabled=\u00a0\u00bboff\u00a0\u00bb button_one_text_color__hover_enabled=\u00a0\u00bboff\u00a0\u00bb button_two_text_color__hover_enabled=\u00a0\u00bboff\u00a0\u00bb button_border_width__hover_enabled=\u00a0\u00bboff\u00a0\u00bb button_one_border_width__hover_enabled=\u00a0\u00bboff\u00a0\u00bb button_two_border_width__hover_enabled=\u00a0\u00bboff\u00a0\u00bb button_border_color__hover_enabled=\u00a0\u00bboff\u00a0\u00bb button_one_border_color__hover_enabled=\u00a0\u00bboff\u00a0\u00bb button_two_border_color__hover_enabled=\u00a0\u00bboff\u00a0\u00bb button_border_radius__hover_enabled=\u00a0\u00bboff\u00a0\u00bb button_one_border_radius__hover_enabled=\u00a0\u00bboff\u00a0\u00bb button_two_border_radius__hover_enabled=\u00a0\u00bboff\u00a0\u00bb button_letter_spacing__hover_enabled=\u00a0\u00bboff\u00a0\u00bb button_one_letter_spacing__hover_enabled=\u00a0\u00bboff\u00a0\u00bb button_two_letter_spacing__hover_enabled=\u00a0\u00bboff\u00a0\u00bb button_bg_color__hover_enabled=\u00a0\u00bbon\u00a0\u00bb button_bg_color__hover=\u00a0\u00bbrgba(0,0,0,0)\u00a0\u00bb button_one_bg_color__hover_enabled=\u00a0\u00bboff\u00a0\u00bb button_two_bg_color__hover_enabled=\u00a0\u00bboff\u00a0\u00bb][\/et_pb_button][\/et_pb_column][\/et_pb_row][\/et_pb_section][et_pb_section fb_built=\u00a0\u00bb1&Prime; admin_label=\u00a0\u00bbAbout Us Section\u00a0\u00bb _builder_version=\u00a0\u00bb3.22&Prime; min_height=\u00a0\u00bb1439px\u00a0\u00bb custom_padding=\u00a0\u00bb40px|0px|0|0px|false|false\u00a0\u00bb][et_pb_row module_class=\u00a0\u00bb et_pb_row_fullwidth\u00a0\u00bb _builder_version=\u00a0\u00bb3.25&Prime; width=\u00a0\u00bb89%\u00a0\u00bb width_tablet=\u00a0\u00bb80%\u00a0\u00bb width_phone=\u00a0\u00bb\u00a0\u00bb width_last_edited=\u00a0\u00bbon|desktop\u00a0\u00bb max_width=\u00a0\u00bb89%\u00a0\u00bb max_width_tablet=\u00a0\u00bb80%\u00a0\u00bb max_width_phone=\u00a0\u00bb\u00a0\u00bb max_width_last_edited=\u00a0\u00bbon|desktop\u00a0\u00bb make_fullwidth=\u00a0\u00bbon\u00a0\u00bb][et_pb_column type=\u00a0\u00bb4_4&Prime; _builder_version=\u00a0\u00bb3.25&Prime; custom_padding=\u00a0\u00bb|||\u00a0\u00bb custom_padding__hover=\u00a0\u00bb|||\u00a0\u00bb][et_pb_text _builder_version=\u00a0\u00bb4.9.0&Prime; text_font=\u00a0\u00bbPoppins||||||||\u00a0\u00bb text_text_color=\u00a0\u00bb#486066&Prime; text_line_height=\u00a0\u00bb1.8em\u00a0\u00bb header_font=\u00a0\u00bb||||||||\u00a0\u00bb header_5_font=\u00a0\u00bb||||||||\u00a0\u00bb header_5_text_color=\u00a0\u00bb#12a19a\u00a0\u00bb custom_margin=\u00a0\u00bb||60px|\u00a0\u00bb hover_enabled=\u00a0\u00bb0&Prime; sticky_enabled=\u00a0\u00bb0&Prime;]<\/p>\n<p><em>Les soins \u00e9nerg\u00e9tiques englobent le mental, l&rsquo;\u00e9motionnel et l&rsquo;\u00e2me qui sont des corps subtils entourant le corps physique.<br \/> <\/em><span style=\"font-size: 15px;\">Longtemps n\u00e9glig\u00e9s, m\u00eame diabolis\u00e9s,\u00a0ces concepts sont \u00e0 pr\u00e9sent reconnus par la soci\u00e9t\u00e9 actuelle, qui prend conscience que certains probl\u00e8mes de sant\u00e9 ont pour origine un d\u00e9s\u00e9quilibre ou un blocage dans ces diff\u00e9rents corps.\u00a0<\/span><\/p>\n<p><span style=\"font-size: 15px;\"><em>Not<\/em><\/span><span style=\"font-size: 15px; font-style: italic;\">re corps est \u00e9nergie, il a un taux vibratoire, une fr\u00e9quence, il vit dans un monde vibratoire.<\/span><span style=\"font-size: 15px;\">\u00a0Le type de fr\u00e9quences \u00e9mis par notre corps est\u00a0 modifi\u00e9 \u00e0 tout moment par notre mode de vie, de penser, d&rsquo;agir, nos paroles, nos gestes et bien s\u00fbr par nos fr\u00e9quentations. Ainsi, u<\/span><span style=\"font-size: 15px;\">n changement dans un de ces domaines de notre univers a un impact direct sur notre corps physique. Cela peut avoir des effets b\u00e9n\u00e9fiques, et engendrer de la relaxation, du dynamisme, de la vitalit\u00e9; cela peut \u00e9galement induire des tensions, des\u00a0douleurs : des maux, qui r\u00e9v\u00e8lent que nous avons de la peine, momentan\u00e9ment, \u00e0 nous adapter \u00e0 ce changement.<\/span><span style=\"font-size: 15px;\">\u00a0<\/span><span style=\"font-size: 15px;\">Ces troubles, souvent ignor\u00e9s, sont les responsables de maladies : c&rsquo;est le corps physique qui tente de s&rsquo;autogu\u00e9rir.\u00a0<\/span><\/p>\n<p><span style=\"font-size: 15px;\"><em>Nous sommes r\u00e9gis par des lois dites universelles, c&rsquo;est \u00e0 dire applicables \u00e0 tout ce qui vit<\/em> : nos propres \u00e9nergies, nos capacit\u00e9s et notre identit\u00e9 d&rsquo;humain vivant en soci\u00e9t\u00e9. Cet ensemble de codes constitue la matrice dans laquelle nous vivons. Nous trouvons l&rsquo;harmonie en s&rsquo;adaptant \u00e0 elle, \u00e0 travers l&rsquo;\u00e9tat d&rsquo;\u00e9veil et la vie en pleine conscience<\/span><span style=\"font-size: 15px;\">. Cela demande une meilleure observation des \u00e9v\u00e9nements de la vie, une prise de recul, afin d&rsquo;avancer sereinement, avec un \u00e9tat d&rsquo;esprit orient\u00e9 vers le positif.<\/span><span style=\"font-size: 15px;\">\u00a0<\/span><span style=\"font-size: 15px;\">Vous ne voulez plus subir votre vie mais l&rsquo;assumer avec confiance;\u00a0<\/span><span style=\"font-size: 15px;\">exp\u00e9rimenter au quotidien les lois d&rsquo;attractions et attirer \u00e0 vous ce dont vous avez besoin pour votre \u00e9volution? En modifiant votre comportement, en cassant certains sch\u00e9mas, vous permettrez \u00e0 votre quotidien de changer, et par loi de cause \u00e0 effet, vous permettrez \u00e0 d&rsquo;autres personnes de changer elles-aussi.<\/span><span style=\"font-size: 15px;\">\u00a0<\/span><\/p>\n<p><span><em>Lors d&rsquo;un massage \u00e9nerg\u00e9tique, des cl\u00e9s vous seront propos\u00e9es afin d&rsquo;am\u00e9liorer votre vie et de progresser vers votre mieux \u00eatre.<\/em>\u00a0<\/span><span>A cela s\u2019ajoute l\u2019\u00e9nergie universelle canalis\u00e9e par le\/la th\u00e9rapeute, qui \u00e9limine les blocages et harmonise vos \u00e9nergies, renforce et stabilise l\u2019ensemble de votre \u00eatre, rassure et apaise les \u00e9motions.\u00a0<\/span><span>Le travail avec les \u00e9nergies est aussi utilis\u00e9 comme outil de d\u00e9veloppement personnel. S\u00e9ances apr\u00e8s s\u00e9ances, telle les peaux d\u2019un oignon que l&rsquo;on enl\u00e8ve, vous aurez la possibilit\u00e9 d\u2019\u00e9vacuer l\u2019une apr\u00e8s l\u2019autre les couches qui vous entravent et vous pourrez exp\u00e9rimenter un mieux-\u00eatre au quotidien : une sensation de retour \u00e0 soi et d\u2019harmonie.<\/span><\/p>\n<p>&nbsp;<\/p>\n<p>[\/et_pb_text][et_pb_divider color=\u00a0\u00bb#76c1e0&Prime; divider_weight=\u00a0\u00bb3px\u00a0\u00bb _builder_version=\u00a0\u00bb4.7.1&Prime; max_width=\u00a0\u00bb8%\u00a0\u00bb module_alignment=\u00a0\u00bbcenter\u00a0\u00bb][\/et_pb_divider][\/et_pb_column][\/et_pb_row][et_pb_row module_class=\u00a0\u00bb et_pb_row_fullwidth\u00a0\u00bb _builder_version=\u00a0\u00bb3.25&Prime; width=\u00a0\u00bb89%\u00a0\u00bb width_tablet=\u00a0\u00bb80%\u00a0\u00bb width_phone=\u00a0\u00bb\u00a0\u00bb width_last_edited=\u00a0\u00bbon|desktop\u00a0\u00bb max_width=\u00a0\u00bb89%\u00a0\u00bb max_width_tablet=\u00a0\u00bb80%\u00a0\u00bb max_width_phone=\u00a0\u00bb\u00a0\u00bb max_width_last_edited=\u00a0\u00bbon|desktop\u00a0\u00bb custom_padding=\u00a0\u00bb27px|0px|0|0px|false|false\u00a0\u00bb make_fullwidth=\u00a0\u00bbon\u00a0\u00bb][et_pb_column type=\u00a0\u00bb4_4&Prime; _builder_version=\u00a0\u00bb3.25&Prime; custom_padding=\u00a0\u00bb|||\u00a0\u00bb custom_padding__hover=\u00a0\u00bb|||\u00a0\u00bb][et_pb_text _builder_version=\u00a0\u00bb3.27.4&Prime; text_font=\u00a0\u00bbAmaranth||||||||\u00a0\u00bb text_font_size=\u00a0\u00bb17px\u00a0\u00bb header_font=\u00a0\u00bb||||||||\u00a0\u00bb header_2_font=\u00a0\u00bbCalligraffitti|700|||||||\u00a0\u00bb header_2_text_align=\u00a0\u00bbleft\u00a0\u00bb header_2_text_color=\u00a0\u00bb#12A19A\u00a0\u00bb header_2_font_size=\u00a0\u00bb25px\u00a0\u00bb header_3_font=\u00a0\u00bbPoppins|600|||||||\u00a0\u00bb header_3_text_color=\u00a0\u00bb#44d89e\u00a0\u00bb header_3_font_size=\u00a0\u00bb36px\u00a0\u00bb header_3_line_height=\u00a0\u00bb1.4em\u00a0\u00bb custom_margin=\u00a0\u00bb||8px|\u00a0\u00bb custom_padding=\u00a0\u00bb||0px|\u00a0\u00bb]<\/p>\n<h2>D\u00e9roulement d&rsquo;un soin<\/h2>\n<p>[\/et_pb_text][et_pb_text _builder_version=\u00a0\u00bb4.9.0&Prime; text_font=\u00a0\u00bbPoppins||||||||\u00a0\u00bb text_text_color=\u00a0\u00bb#486066&Prime; text_line_height=\u00a0\u00bb1.8em\u00a0\u00bb header_font=\u00a0\u00bb||||||||\u00a0\u00bb header_5_font=\u00a0\u00bb||||||||\u00a0\u00bb header_5_text_color=\u00a0\u00bb#12a19a\u00a0\u00bb custom_margin=\u00a0\u00bb||60px|\u00a0\u00bb hover_enabled=\u00a0\u00bb0&Prime; sticky_enabled=\u00a0\u00bb0&Prime;]<\/p>\n<p>Le massage \u00e9nerg\u00e9tique est un massage de l&rsquo;ensemble du corps qui n&rsquo;a pas de contre-indication particuli\u00e8re, et qui est ouvert \u00e0 tous et \u00e0 toutes.<\/p>\n<p>Durant le soin, des outils peuvent \u00eatre propos\u00e9s en compl\u00e9ment selon la probl\u00e9matique du moment :\u00a0 la m\u00e9ditation, la visualisation, les pri\u00e8res.<\/p>\n<p>Afin d&rsquo;obtenir un \u00e9quilibrage \u00e9nerg\u00e9tique complet et afin de consolider les effets des massages, il est conseill\u00e9 d&rsquo;effectuer trois s\u00e9ances espac\u00e9es de 3-4 semaines.<\/p>\n<p>Une prise en charge continue est \u00e9galement possible, en fonction des besoins de chacun.<\/p>\n<p>&nbsp;<\/p>\n<p>&nbsp;<\/p>\n<p>[\/et_pb_text][\/et_pb_column][\/et_pb_row][et_pb_row _builder_version=\u00a0\u00bb3.25&Prime;][et_pb_column type=\u00a0\u00bb4_4&Prime; _builder_version=\u00a0\u00bb3.25&Prime; custom_padding=\u00a0\u00bb|||\u00a0\u00bb custom_padding__hover=\u00a0\u00bb|||\u00a0\u00bb][et_pb_button button_url=\u00a0\u00bbhttps:\/\/institutdharmonie.ch\/contact\u00a0\u00bb button_text=\u00a0\u00bbContact\u00a0\u00bb button_alignment=\u00a0\u00bbcenter\u00a0\u00bb _builder_version=\u00a0\u00bb4.7.1&Prime; custom_button=\u00a0\u00bbon\u00a0\u00bb button_text_color=\u00a0\u00bb#76c1e0&Prime; button_font=\u00a0\u00bbBaloo||||||||\u00a0\u00bb button_icon=\u00a0\u00bb%%73%%\u00a0\u00bb button_icon_color=\u00a0\u00bb#76c1e0&Prime; button_icon_placement=\u00a0\u00bbleft\u00a0\u00bb button_bg_color_hover=\u00a0\u00bbrgba(0,0,0,0)\u00a0\u00bb button_text_size__hover_enabled=\u00a0\u00bboff\u00a0\u00bb button_one_text_size__hover_enabled=\u00a0\u00bboff\u00a0\u00bb button_two_text_size__hover_enabled=\u00a0\u00bboff\u00a0\u00bb button_text_color__hover_enabled=\u00a0\u00bboff\u00a0\u00bb button_one_text_color__hover_enabled=\u00a0\u00bboff\u00a0\u00bb button_two_text_color__hover_enabled=\u00a0\u00bboff\u00a0\u00bb button_border_width__hover_enabled=\u00a0\u00bboff\u00a0\u00bb button_one_border_width__hover_enabled=\u00a0\u00bboff\u00a0\u00bb button_two_border_width__hover_enabled=\u00a0\u00bboff\u00a0\u00bb button_border_color__hover_enabled=\u00a0\u00bboff\u00a0\u00bb button_one_border_color__hover_enabled=\u00a0\u00bboff\u00a0\u00bb button_two_border_color__hover_enabled=\u00a0\u00bboff\u00a0\u00bb button_border_radius__hover_enabled=\u00a0\u00bboff\u00a0\u00bb button_one_border_radius__hover_enabled=\u00a0\u00bboff\u00a0\u00bb button_two_border_radius__hover_enabled=\u00a0\u00bboff\u00a0\u00bb button_letter_spacing__hover_enabled=\u00a0\u00bboff\u00a0\u00bb button_one_letter_spacing__hover_enabled=\u00a0\u00bboff\u00a0\u00bb button_two_letter_spacing__hover_enabled=\u00a0\u00bboff\u00a0\u00bb button_bg_color__hover_enabled=\u00a0\u00bbon\u00a0\u00bb button_bg_color__hover=\u00a0\u00bbrgba(0,0,0,0)\u00a0\u00bb button_one_bg_color__hover_enabled=\u00a0\u00bboff\u00a0\u00bb button_two_bg_color__hover_enabled=\u00a0\u00bboff\u00a0\u00bb][\/et_pb_button][\/et_pb_column][\/et_pb_row][\/et_pb_section][et_pb_section fb_built=\u00a0\u00bb1&Prime; _builder_version=\u00a0\u00bb3.22&Prime; custom_padding=\u00a0\u00bb7px|0px|0|0px|false|false\u00a0\u00bb global_module=\u00a0\u00bb255&Prime; saved_tabs=\u00a0\u00bball\u00a0\u00bb][et_pb_row column_structure=\u00a0\u00bb1_3,1_3,1_3&Prime; module_class=\u00a0\u00bb et_pb_row_fullwidth\u00a0\u00bb _builder_version=\u00a0\u00bb3.25&Prime; width=\u00a0\u00bb89%\u00a0\u00bb width_tablet=\u00a0\u00bb80%\u00a0\u00bb width_phone=\u00a0\u00bb\u00a0\u00bb width_last_edited=\u00a0\u00bbon|desktop\u00a0\u00bb max_width=\u00a0\u00bb89%\u00a0\u00bb max_width_tablet=\u00a0\u00bb80%\u00a0\u00bb max_width_phone=\u00a0\u00bb\u00a0\u00bb max_width_last_edited=\u00a0\u00bbon|desktop\u00a0\u00bb custom_padding=\u00a0\u00bb27px|0px|37px|0px|false|false\u00a0\u00bb make_fullwidth=\u00a0\u00bbon\u00a0\u00bb][et_pb_column type=\u00a0\u00bb1_3&Prime; _builder_version=\u00a0\u00bb3.25&Prime; custom_padding=\u00a0\u00bb|||\u00a0\u00bb custom_padding__hover=\u00a0\u00bb|||\u00a0\u00bb][et_pb_text _builder_version=\u00a0\u00bb4.7.3&Prime; text_font=\u00a0\u00bbPoppins||||||||\u00a0\u00bb text_text_color=\u00a0\u00bb#486066&Prime; text_line_height=\u00a0\u00bb1.8em\u00a0\u00bb header_font=\u00a0\u00bb||||||||\u00a0\u00bb header_5_font=\u00a0\u00bb||||||||\u00a0\u00bb header_5_text_color=\u00a0\u00bb#12a19a\u00a0\u00bb text_orientation=\u00a0\u00bbcenter\u00a0\u00bb custom_margin=\u00a0\u00bb||60px|\u00a0\u00bb]<\/p>\n<h5><span style=\"color: #993366;\">Institut d&rsquo;Harmonie<\/span><\/h5>\n<p>Rue des Morasses 4<br \/> 1920 Martigny<\/p>\n<p>[\/et_pb_text][\/et_pb_column][et_pb_column type=\u00a0\u00bb1_3&Prime; _builder_version=\u00a0\u00bb3.25&Prime; custom_padding=\u00a0\u00bb|||\u00a0\u00bb custom_padding__hover=\u00a0\u00bb|||\u00a0\u00bb][et_pb_map address=\u00a0\u00bbRue des Morasses 4, 1920 Martigny, Suisse\u00a0\u00bb address_lat=\u00a0\u00bb46.0993627&Prime; address_lng=\u00a0\u00bb7.0716258&Prime; _builder_version=\u00a0\u00bb4.6.6&Prime; height=\u00a0\u00bb221px\u00a0\u00bb][et_pb_map_pin title=\u00a0\u00bbInstitut d&rsquo;Harmonie Martigny\u00a0\u00bb pin_address=\u00a0\u00bbRue des Morasses 4, 1920 Martigny, Suisse\u00a0\u00bb pin_address_lat=\u00a0\u00bb46.0993627&Prime; pin_address_lng=\u00a0\u00bb7.0716258&Prime; _builder_version=\u00a0\u00bb4.6.6&Prime; _module_preset=\u00a0\u00bbdefault\u00a0\u00bb][\/et_pb_map_pin][\/et_pb_map][\/et_pb_column][et_pb_column type=\u00a0\u00bb1_3&Prime; _builder_version=\u00a0\u00bb3.25&Prime; custom_padding=\u00a0\u00bb|||\u00a0\u00bb custom_padding__hover=\u00a0\u00bb|||\u00a0\u00bb][\/et_pb_column][\/et_pb_row][\/et_pb_section]<\/p>\n","protected":false},"excerpt":{"rendered":"<p>Les Massages Energ\u00e9tiques \u00a0 \u00a0 \u00a0 \u00a0 \u00a0 \u00a0 \u00a0 \u00a0 \u00a0 \u00a0 \u00a0 \u00a0 \u00a0 \u00a0 \u00a0 \u00a0 \u00a0 \u00a0 \u00a0 \u00a0 \u00a0 \u00a0 \u00a0 \u00a0 \u00a0 \u00a0 \u00a0 \u00a0 \u00a0 \u00a0Notre corps est \u00e9nergieLes soins \u00e9nerg\u00e9tiques englobent le mental, l&rsquo;\u00e9motionnel et l&rsquo;\u00e2me qui sont des corps subtils entourant le corps physique. Longtemps n\u00e9glig\u00e9s, [&hellip;]<\/p>\n","protected":false},"author":1,"featured_media":0,"parent":0,"menu_order":0,"comment_status":"closed","ping_status":"closed","template":"","meta":{"_et_pb_use_builder":"on","_et_pb_old_content":"","_et_gb_content_width":"","footnotes":""},"class_list":["post-130","page","type-page","status-publish","hentry"],"_links":{"self":[{"href":"https:\/\/institutdharmonie.ch\/index.php?rest_route=\/wp\/v2\/pages\/130","targetHints":{"allow":["GET"]}}],"collection":[{"href":"https:\/\/institutdharmonie.ch\/index.php?rest_route=\/wp\/v2\/pages"}],"about":[{"href":"https:\/\/institutdharmonie.ch\/index.php?rest_route=\/wp\/v2\/types\/page"}],"author":[{"embeddable":true,"href":"https:\/\/institutdharmonie.ch\/index.php?rest_route=\/wp\/v2\/users\/1"}],"replies":[{"embeddable":true,"href":"https:\/\/institutdharmonie.ch\/index.php?rest_route=%2Fwp%2Fv2%2Fcomments&post=130"}],"version-history":[{"count":0,"href":"https:\/\/institutdharmonie.ch\/index.php?rest_route=\/wp\/v2\/pages\/130\/revisions"}],"wp:attachment":[{"href":"https:\/\/institutdharmonie.ch\/index.php?rest_route=%2Fwp%2Fv2%2Fmedia&parent=130"}],"curies":[{"name":"wp","href":"https:\/\/api.w.org\/{rel}","templated":true}]}}